{"id":29,"date":"2023-05-10T23:04:01","date_gmt":"2023-05-10T22:04:01","guid":{"rendered":"https:\/\/nurdemir.org\/?page_id=29"},"modified":"2023-06-20T13:35:09","modified_gmt":"2023-06-20T10:35:09","slug":"iletisim","status":"publish","type":"page","link":"https:\/\/nurdemir.org\/index.php\/iletisim\/","title":{"rendered":"\u0130leti\u015fim"},"content":{"rendered":"\n<p>                Neye ihtiyac\u0131n\u0131z oldu\u011funa karar verdiyseniz i\u015fin kalan k\u0131sm\u0131n\u0131 bize b\u0131rak\u0131n. Sizin isteklerinize de\u011fer veriyoruz. \u00d6nce sizi dinliyor sonra en do\u011frusu ve kalitelisi i\u00e7in \u00e7al\u0131\u015fmalara ba\u015fl\u0131yoruz!  <\/p>\n\n\n\n<p>                Akl\u0131n\u0131za tak\u0131lan, i\u00e7inize sinmeyen noktalar\u0131n da olabilece\u011fini bildi\u011fimiz i\u00e7in ihtiya\u00e7lar\u0131n\u0131za y\u00f6nelik \u00e7al\u0131\u015fmalar\u0131m\u0131za b\u00fcy\u00fck bir memnuniyet ile devam ediyoruz.<\/p>\n\n\n\n<p>                G\u00fcvenilir ekip arkada\u015flar\u0131m\u0131zla; m\u00fc\u015fterilerimizin, tedarik\u00e7ilerimizin ve \u00e7al\u0131\u015fanlar\u0131m\u0131z\u0131n memnuniyeti i\u00e7in dur durak bilmeden \u00e7abal\u0131yoruz! Her alanda en iyisini \u00fcretmek bizim i\u015fimiz!<\/p>\n\n\n\n<figure class=\"wp-block-gallery has-nested-images columns-default is-cropped wp-block-gallery-1 is-layout-flex wp-block-gallery-is-layout-flex\">\n<figure class=\"wp-block-image size-large\"><img loading=\"lazy\" decoding=\"async\" width=\"819\" height=\"1024\" data-id=\"812\" src=\"https:\/\/nurdemir.org\/wp-content\/uploads\/2023\/06\/298745911_5598750243510374_5775615951067168733_n-819x1024.jpg\" alt=\"\" class=\"wp-image-812\" srcset=\"https:\/\/nurdemir.org\/wp-content\/uploads\/2023\/06\/298745911_5598750243510374_5775615951067168733_n-819x1024.jpg 819w, https:\/\/nurdemir.org\/wp-content\/uploads\/2023\/06\/298745911_5598750243510374_5775615951067168733_n-240x300.jpg 240w, https:\/\/nurdemir.org\/wp-content\/uploads\/2023\/06\/298745911_5598750243510374_5775615951067168733_n-768x960.jpg 768w, https:\/\/nurdemir.org\/wp-content\/uploads\/2023\/06\/298745911_5598750243510374_5775615951067168733_n.jpg 1080w\" sizes=\"auto, (max-width: 819px) 100vw, 819px\" \/><\/figure>\n\n\n\n<figure class=\"wp-block-image size-large\"><img loading=\"lazy\" decoding=\"async\" width=\"838\" height=\"1024\" data-id=\"814\" src=\"https:\/\/nurdemir.org\/wp-content\/uploads\/2023\/06\/326885217_578652190380079_7510536622705296814_n-3-838x1024.jpg\" alt=\"\" class=\"wp-image-814\" srcset=\"https:\/\/nurdemir.org\/wp-content\/uploads\/2023\/06\/326885217_578652190380079_7510536622705296814_n-3-838x1024.jpg 838w, https:\/\/nurdemir.org\/wp-content\/uploads\/2023\/06\/326885217_578652190380079_7510536622705296814_n-3-245x300.jpg 245w, https:\/\/nurdemir.org\/wp-content\/uploads\/2023\/06\/326885217_578652190380079_7510536622705296814_n-3-768x939.jpg 768w, https:\/\/nurdemir.org\/wp-content\/uploads\/2023\/06\/326885217_578652190380079_7510536622705296814_n-3.jpg 1080w\" sizes=\"auto, (max-width: 838px) 100vw, 838px\" \/><\/figure>\n\n\n\n<figure class=\"wp-block-image size-full\"><img loading=\"lazy\" decoding=\"async\" width=\"600\" height=\"600\" data-id=\"817\" src=\"https:\/\/nurdemir.org\/wp-content\/uploads\/2023\/06\/PhotoFunia-1682376748-2.gif\" alt=\"\" class=\"wp-image-817\"\/><\/figure>\n<\/figure>\n\n\n\n<p>G\u00fc\u00e7l\u00fc stok a\u011f\u0131m\u0131z ile yeni i\u015f birliklerine kap\u0131 aral\u0131yor, demir al\u0131m-sat\u0131m\u0131 hizmetimizle bir\u00e7ok alanda \u00e7\u00f6z\u00fcm ortaklar\u0131m\u0131z\u0131n g\u00fcvenilir tercihi oluyoruz.<br>Detayl\u0131 bilgi ve sipari\u015f i\u00e7in bizimle ileti\u015fime ge\u00e7ebilirsiniz.<\/p>\n\n\n\n<figure class=\"wp-block-gallery has-nested-images columns-default is-cropped wp-block-gallery-2 is-layout-flex wp-block-gallery-is-layout-flex\">\n<figure class=\"wp-block-image size-large\"><img loading=\"lazy\" decoding=\"async\" width=\"838\" height=\"1024\" data-id=\"819\" src=\"https:\/\/nurdemir.org\/wp-content\/uploads\/2023\/06\/322211583_3466022850297628_3265156433858502964_n-4-838x1024.jpg\" alt=\"\" class=\"wp-image-819\" srcset=\"https:\/\/nurdemir.org\/wp-content\/uploads\/2023\/06\/322211583_3466022850297628_3265156433858502964_n-4-838x1024.jpg 838w, https:\/\/nurdemir.org\/wp-content\/uploads\/2023\/06\/322211583_3466022850297628_3265156433858502964_n-4-245x300.jpg 245w, https:\/\/nurdemir.org\/wp-content\/uploads\/2023\/06\/322211583_3466022850297628_3265156433858502964_n-4-768x939.jpg 768w, https:\/\/nurdemir.org\/wp-content\/uploads\/2023\/06\/322211583_3466022850297628_3265156433858502964_n-4.jpg 1080w\" sizes=\"auto, (max-width: 838px) 100vw, 838px\" \/><\/figure>\n\n\n\n<figure class=\"wp-block-image size-large\"><img loading=\"lazy\" decoding=\"async\" width=\"819\" height=\"1024\" data-id=\"818\" src=\"https:\/\/nurdemir.org\/wp-content\/uploads\/2023\/06\/274986922_132002382696286_6612389577947703133_n-1-819x1024.jpg\" alt=\"\" class=\"wp-image-818\" srcset=\"https:\/\/nurdemir.org\/wp-content\/uploads\/2023\/06\/274986922_132002382696286_6612389577947703133_n-1-819x1024.jpg 819w, https:\/\/nurdemir.org\/wp-content\/uploads\/2023\/06\/274986922_132002382696286_6612389577947703133_n-1-240x300.jpg 240w, https:\/\/nurdemir.org\/wp-content\/uploads\/2023\/06\/274986922_132002382696286_6612389577947703133_n-1-768x960.jpg 768w, https:\/\/nurdemir.org\/wp-content\/uploads\/2023\/06\/274986922_132002382696286_6612389577947703133_n-1.jpg 1080w\" sizes=\"auto, (max-width: 819px) 100vw, 819px\" \/><\/figure>\n<\/figure>\n","protected":false},"excerpt":{"rendered":"<p>Neye ihtiyac\u0131n\u0131z oldu\u011funa karar verdiyseniz i\u015fin kalan k\u0131sm\u0131n\u0131 bize b\u0131rak\u0131n. Sizin isteklerinize de\u011fer veriyoruz. \u00d6nce sizi dinliyor sonra en do\u011frusu ve kalitelisi i\u00e7in \u00e7al\u0131\u015fmalara ba\u015fl\u0131yoruz! Akl\u0131n\u0131za tak\u0131lan, i\u00e7inize sinmeyen noktalar\u0131n da olabilece\u011fini bildi\u011fimiz i\u00e7in ihtiya\u00e7lar\u0131n\u0131za y\u00f6nelik \u00e7al\u0131\u015fmalar\u0131m\u0131za b\u00fcy\u00fck bir memnuniyet ile devam ediyoruz. G\u00fcvenilir ekip arkada\u015flar\u0131m\u0131zla; m\u00fc\u015fterilerimizin, tedarik\u00e7ilerimizin ve \u00e7al\u0131\u015fanlar\u0131m\u0131z\u0131n memnuniyeti i\u00e7in dur durak bilmeden \u00e7abal\u0131yoruz! Her alanda en iyisini \u00fcretmek bizim i\u015fimiz! G\u00fc\u00e7l\u00fc stok a\u011f\u0131m\u0131z ile yeni i\u015f birliklerine kap\u0131 aral\u0131yor, demir al\u0131m-sat\u0131m\u0131 hizmetimizle bir\u00e7ok alanda \u00e7\u00f6z\u00fcm ortaklar\u0131m\u0131z\u0131n g\u00fcvenilir tercihi oluyoruz.Detayl\u0131 bilgi ve sipari\u015f i\u00e7in bizimle ileti\u015fime ge\u00e7ebilirsiniz.<\/p>\n","protected":false},"author":1,"featured_media":0,"parent":0,"menu_order":1,"comment_status":"closed","ping_status":"closed","template":"","meta":{"footnotes":""},"class_list":["post-29","page","type-page","status-publish","hentry"],"_links":{"self":[{"href":"https:\/\/nurdemir.org\/index.php\/wp-json\/wp\/v2\/pages\/29","targetHints":{"allow":["GET"]}}],"collection":[{"href":"https:\/\/nurdemir.org\/index.php\/wp-json\/wp\/v2\/pages"}],"about":[{"href":"https:\/\/nurdemir.org\/index.php\/wp-json\/wp\/v2\/types\/page"}],"author":[{"embeddable":true,"href":"https:\/\/nurdemir.org\/index.php\/wp-json\/wp\/v2\/users\/1"}],"replies":[{"embeddable":true,"href":"https:\/\/nurdemir.org\/index.php\/wp-json\/wp\/v2\/comments?post=29"}],"version-history":[{"count":8,"href":"https:\/\/nurdemir.org\/index.php\/wp-json\/wp\/v2\/pages\/29\/revisions"}],"predecessor-version":[{"id":820,"href":"https:\/\/nurdemir.org\/index.php\/wp-json\/wp\/v2\/pages\/29\/revisions\/820"}],"wp:attachment":[{"href":"https:\/\/nurdemir.org\/index.php\/wp-json\/wp\/v2\/media?parent=29"}],"curies":[{"name":"wp","href":"https:\/\/api.w.org\/{rel}","templated":true}]}}