{"id":249,"date":"2023-05-11T21:41:44","date_gmt":"2023-05-11T18:41:44","guid":{"rendered":"https:\/\/nurdemir.org\/?page_id=249"},"modified":"2023-06-20T14:58:48","modified_gmt":"2023-06-20T11:58:48","slug":"anasayfa","status":"publish","type":"page","link":"https:\/\/nurdemir.org\/","title":{"rendered":"Nur Demir"},"content":{"rendered":"\n<p>Misyon olarak yar\u0131nlar\u0131 in\u015faa edecek demir ve \u00e7elik sanayi sekt\u00f6r\u00fcnde lider kurulu\u015f olarak m\u00fc\u015fterilerimizin ihtiya\u00e7lar\u0131na odakl\u0131, h\u0131zl\u0131 ve etkili \u00e7\u00f6z\u00fcmler \u00fcreten g\u00fc\u00e7l\u00fc bir organizasyon ve i\u015fletme kurmay\u0131 vizyonumuz olarak tan\u0131mlar\u0131z.<\/p>\n\n\n\n<div class=\"wp-block-group is-nowrap is-layout-flex wp-container-core-group-is-layout-1 wp-block-group-is-layout-flex\">\n<figure class=\"wp-block-gallery has-nested-images columns-default is-cropped wp-block-gallery-1 is-layout-flex wp-block-gallery-is-layout-flex\">\n<figure class=\"wp-block-image size-full\"><img loading=\"lazy\" decoding=\"async\" width=\"600\" height=\"600\" src=\"https:\/\/nurdemir.org\/wp-content\/uploads\/2023\/06\/PhotoFunia-1682376748-4.gif\" alt=\"\" class=\"wp-image-836\"\/><\/figure>\n\n\n\n<figure class=\"wp-block-image size-full\"><img loading=\"lazy\" decoding=\"async\" width=\"1024\" height=\"681\" src=\"https:\/\/nurdemir.org\/wp-content\/uploads\/2023\/06\/PhotoFunia-1682375824-2.jpg\" alt=\"\" class=\"wp-image-839\" srcset=\"https:\/\/nurdemir.org\/wp-content\/uploads\/2023\/06\/PhotoFunia-1682375824-2.jpg 1024w, https:\/\/nurdemir.org\/wp-content\/uploads\/2023\/06\/PhotoFunia-1682375824-2-300x200.jpg 300w, https:\/\/nurdemir.org\/wp-content\/uploads\/2023\/06\/PhotoFunia-1682375824-2-768x511.jpg 768w\" sizes=\"auto, (max-width: 1024px) 100vw, 1024px\" \/><\/figure>\n\n\n\n<figure class=\"wp-block-image size-large\"><img loading=\"lazy\" decoding=\"async\" width=\"1024\" height=\"725\" src=\"https:\/\/nurdemir.org\/wp-content\/uploads\/2023\/06\/PhotoFunia-1682376190-2-1024x725.jpg\" alt=\"\" class=\"wp-image-840\" srcset=\"https:\/\/nurdemir.org\/wp-content\/uploads\/2023\/06\/PhotoFunia-1682376190-2-1024x725.jpg 1024w, https:\/\/nurdemir.org\/wp-content\/uploads\/2023\/06\/PhotoFunia-1682376190-2-300x213.jpg 300w, https:\/\/nurdemir.org\/wp-content\/uploads\/2023\/06\/PhotoFunia-1682376190-2-768x544.jpg 768w, https:\/\/nurdemir.org\/wp-content\/uploads\/2023\/06\/PhotoFunia-1682376190-2-1140x808.jpg 1140w, https:\/\/nurdemir.org\/wp-content\/uploads\/2023\/06\/PhotoFunia-1682376190-2.jpg 1200w\" sizes=\"auto, (max-width: 1024px) 100vw, 1024px\" \/><\/figure>\n<\/figure>\n<\/div>\n","protected":false},"excerpt":{"rendered":"<p>Misyon olarak yar\u0131nlar\u0131 in\u015faa edecek demir ve \u00e7elik sanayi sekt\u00f6r\u00fcnde lider kurulu\u015f olarak m\u00fc\u015fterilerimizin ihtiya\u00e7lar\u0131na odakl\u0131, h\u0131zl\u0131 ve etkili \u00e7\u00f6z\u00fcmler \u00fcreten g\u00fc\u00e7l\u00fc bir organizasyon ve i\u015fletme kurmay\u0131 vizyonumuz olarak tan\u0131mlar\u0131z.<\/p>\n","protected":false},"author":1,"featured_media":801,"parent":0,"menu_order":1,"comment_status":"closed","ping_status":"closed","template":"","meta":{"footnotes":""},"class_list":["post-249","page","type-page","status-publish","has-post-thumbnail","hentry"],"_links":{"self":[{"href":"https:\/\/nurdemir.org\/index.php\/wp-json\/wp\/v2\/pages\/249","targetHints":{"allow":["GET"]}}],"collection":[{"href":"https:\/\/nurdemir.org\/index.php\/wp-json\/wp\/v2\/pages"}],"about":[{"href":"https:\/\/nurdemir.org\/index.php\/wp-json\/wp\/v2\/types\/page"}],"author":[{"embeddable":true,"href":"https:\/\/nurdemir.org\/index.php\/wp-json\/wp\/v2\/users\/1"}],"replies":[{"embeddable":true,"href":"https:\/\/nurdemir.org\/index.php\/wp-json\/wp\/v2\/comments?post=249"}],"version-history":[{"count":5,"href":"https:\/\/nurdemir.org\/index.php\/wp-json\/wp\/v2\/pages\/249\/revisions"}],"predecessor-version":[{"id":841,"href":"https:\/\/nurdemir.org\/index.php\/wp-json\/wp\/v2\/pages\/249\/revisions\/841"}],"wp:featuredmedia":[{"embeddable":true,"href":"https:\/\/nurdemir.org\/index.php\/wp-json\/wp\/v2\/media\/801"}],"wp:attachment":[{"href":"https:\/\/nurdemir.org\/index.php\/wp-json\/wp\/v2\/media?parent=249"}],"curies":[{"name":"wp","href":"https:\/\/api.w.org\/{rel}","templated":true}]}}